{"id":53,"date":"2015-02-21T20:18:52","date_gmt":"2015-02-21T20:18:52","guid":{"rendered":"http:\/\/www.ubytovanibeskiden.cz.uvirt79.active24.cz\/?page_id=53"},"modified":"2015-02-22T15:22:23","modified_gmt":"2015-02-22T15:22:23","slug":"zima","status":"publish","type":"page","link":"https:\/\/www.ubytovani-beskiden.cz\/?page_id=53","title":{"rendered":"Zima"},"content":{"rendered":"<p>\n&nbsp;<\/p>\n<h1><\/h1>\n<h1>Ly\u017ee<\/h1>\n<p>&nbsp;<\/p>\n<p>&nbsp;<\/p>\n<div class=\"box detail wysiwyg\">\n<div class=\"wsw\">\n<p><span style=\"text-decoration: underline;\"><b>Ly\u017eov\u00e1n\u00ed<\/b><\/span>:<\/p>\n<p><b>Skiare\u00e1l B\u00fa\u0159ov Vala\u0161sk\u00e1 Byst\u0159ice<\/b> &#8211;\u00a0\u00a0\u00a0\u00a0 <a href=\"http:\/\/www.skiburov.cz\/\" target=\"_self\">http:\/\/www.skiburov.cz\/<\/a><\/p>\n<p><b>Pustevny<\/b> &#8211; 30 km\u00a0\u00a0\u00a0\u00a0\u00a0\u00a0\u00a0\u00a0\u00a0\u00a0\u00a0\u00a0\u00a0\u00a0\u00a0\u00a0\u00a0\u00a0\u00a0\u00a0 \u00a0\u00a0 \u00a0\u00a0\u00a0\u00a0\u00a0\u00a0\u00a0\u00a0\u00a0\u00a0\u00a0\u00a0\u00a0\u00a0<a href=\"http:\/\/www.skialpin.cz\/\" target=\"_self\"> http:\/\/www.skialpin.cz\/<\/a><\/p>\n<p><b>B\u00edl\u00e1<\/b> &#8211; 35 km\u00a0\u00a0\u00a0\u00a0\u00a0\u00a0\u00a0\u00a0\u00a0\u00a0\u00a0\u00a0\u00a0\u00a0\u00a0\u00a0\u00a0\u00a0\u00a0\u00a0\u00a0\u00a0\u00a0\u00a0\u00a0\u00a0\u00a0\u00a0\u00a0 \u00a0 \u00a0\u00a0\u00a0\u00a0\u00a0\u00a0 \u00a0 \u00a0\u00a0 \u00a0\u00a0\u00a0\u00a0 <a href=\"http:\/\/www.skibila.cz\/\" target=\"_self\">http:\/\/www.skibila.cz\/<\/a><\/p>\n<p><b>Sol\u00e1\u0148<\/b> &#8211; 22 km\u00a0\u00a0\u00a0\u00a0\u00a0\u00a0\u00a0\u00a0\u00a0 \u00a0 \u00a0 \u00a0 \u00a0 \u00a0 \u00a0 \u00a0 \u00a0 \u00a0 \u00a0\u00a0\u00a0\u00a0\u00a0\u00a0\u00a0\u00a0\u00a0 \u00a0\u00a0 \u00a0\u00a0<a href=\"http:\/\/www.solansedlo.cz\/\" target=\"_self\"> http:\/\/www.solansedlo.cz\/<\/a><\/p>\n<p><b>Velk\u00e9 Karlovice <\/b>&#8211; 30 km\u00a0\u00a0\u00a0\u00a0\u00a0\u00a0\u00a0\u00a0\u00a0\u00a0\u00a0\u00a0\u00a0\u00a0\u00a0\u00a0\u00a0\u00a0\u00a0\u00a0\u00a0\u00a0\u00a0\u00a0\u00a0<a href=\"http:\/\/www.razula.cz\/\" target=\"_self\"> http:\/\/www.razula.cz\/<\/a>,\u00a0 <a href=\"http:\/\/www.skiarealkycerka.cz\/\" target=\"_self\">http:\/\/www.skiarealkycerka.cz\/<\/a><\/p>\n<p><a href=\"http:\/\/www.skiarealmachuzky.cz\/\" target=\"_self\">http:\/\/www.skiarealmachuzky.cz\/<\/a><\/p>\n<p><b>Karolinka\u00a0\u00a0\u00a0\u00a0\u00a0\u00a0\u00a0\u00a0\u00a0\u00a0\u00a0\u00a0\u00a0\u00a0\u00a0\u00a0\u00a0\u00a0\u00a0\u00a0\u00a0\u00a0\u00a0\u00a0\u00a0\u00a0\u00a0\u00a0\u00a0\u00a0\u00a0\u00a0\u00a0\u00a0\u00a0\u00a0\u00a0\u00a0\u00a0\u00a0\u00a0\u00a0\u00a0\u00a0\u00a0<\/b>\u00a0\u00a0\u00a0<a href=\"http:\/\/www.skikarolinka.cz\/\">www.skikarolinka.cz\/<\/a>\u00a0\u00a0<b> <\/b><\/p>\n<p><b>Horn\u00ed Be\u010dva <\/b>&#8211; 23 km\u00a0\u00a0\u00a0\u00a0\u00a0\u00a0\u00a0\u00a0\u00a0\u00a0\u00a0\u00a0\u00a0\u00a0\u00a0\u00a0\u00a0\u00a0\u00a0\u00a0\u00a0\u00a0\u00a0\u00a0\u00a0\u00a0\u00a0<a href=\"http:\/\/www.skisachovka.cz\/\" target=\"_self\"> http:\/\/www.skisachovka.cz\/<\/a>, <a href=\"http:\/\/horni-becva.cz\/encyklopedie\/objekty1.phtml?id=72238&amp;user=24&amp;session=58348551&amp;menu=$menu&amp;lng=$lng\" target=\"_self\">http:\/\/horni-becva.cz\/\u00fa<\/a><\/p>\n<\/div>\n<\/div>\n<div class=\"cleaner\"><\/div>\n<div>\n<div><\/div>\n<p> &nbsp;<br \/>\n&nbsp;<\/p>\n<h1>B\u011b\u017eky<\/h1>\n<p>&nbsp;<\/p>\n<p>&nbsp;<\/p>\n<p><b><span style=\"text-decoration: underline;\">B\u011b\u017eeck\u00e9 trasy upravovan\u00e9 rolbou<\/span><\/b><\/p>\n<p><b>Trasy z Vala\u0161sk\u00e9 Byst\u0159ice<br \/>\n<\/b><\/p>\n<p>&#8211; Vsack\u00fd C\u00e1b (chata s restaurac\u00ed) p\u0159es Pt\u00e1\u010dnici a zp\u011bt &#8211; 11 km\u00a0\u00a0\u00a0<a href=\"http:\/\/www.mapy.cz\/#mm=TTtTcP@x=141600256@y=133617664@z=12\" target=\"_self\"> MAPA<\/a><\/p>\n<p>&#8211; Santov (chata s restaurac\u00ed) p\u0159es Pt\u00e1\u010dnici a zp\u011bt &#8211; 14 km\u00a0\u00a0<a href=\"http:\/\/www.mapy.cz\/#mm=TTtTcP@x=141600256@y=133617664@z=12\" target=\"_self\"> MAPA<\/a><\/p>\n<p>&#8211; Byst\u0159ick\u00e1 podkova &#8211; okruh po h\u0159ebeni kolem Vala\u0161sk\u00e9 Byst\u0159ice &#8211; 22 km &#8211;\u00a0 Pt\u00e1\u010dnice, Lu\u0161ov\u00e1,<\/p>\n<p>Beskyd, \u0160erhovny, Tane\u010dnice, M\u00edsn\u00e1, D\u00edly,H\u00e1\u017eovsk\u00e9 d\u00edly (chata s restaurac\u00ed), st\u0159ed obce,<\/p>\n<p>B\u016f\u0159ov (chalupa)\u00a0\u00a0 <a href=\"http:\/\/www.mapy.cz\/#mm=TTtTcP@x=141689600@y=133638912@z=12\" target=\"_self\">MAPA<\/a><\/p>\n<p>&#8211; Sol\u00e1\u0148 (ly\u017ea\u0159sk\u00e9 st\u0159edisko) a zp\u011bt &#8211; 35 km\u00a0 <a href=\"http:\/\/www.mapy.cz\/#mm=TTtTcP@x=141792256@y=133645824@z=11\" target=\"_self\">MAPA<\/a><\/p>\n<p>&#8211; H\u00e1\u017eovsk\u00e9 d\u00edly &#8211; 5km <a href=\"http:\/\/www.mapy.cz\/zakladni?zajimava-mista&amp;x=18.1498946&amp;y=49.4215557&amp;z=15&amp;source=base&amp;id=1839247\">MAPA<\/a><\/p>\n<p><b>H\u0159ebenovky s dojezdem na chalupu<\/b><\/p>\n<p>&#8211; autobusem p\u0159es Ro\u017enov na Sol\u00e1\u0148, h\u0159ebenovka ze Sol\u00e1n\u011b &#8211; 15 km<\/p>\n<p><b>&#8211; <\/b>autobusem p\u0159es Ro\u017enov na Bumb\u00e1lku, h\u0159ebenovka z Bumb\u00e1lky p\u0159es T\u0159e\u0161t\u00edk, Bene\u0161ky, Sol\u00e1\u0148, Tane\u010dnici &#8211; 30 km<\/p>\n<p>&#8211; autobusem na Du\u0161nou, h\u0159ebenovka z Du\u0161n\u00e9 p\u0159es C\u00e1b &#8211; 11 km<\/p>\n<p><b>Dal\u0161\u00ed b\u011b\u017eeck\u00e9 trasy v okol\u00ed<\/b><\/p>\n<p>&#8211; Pustevny \u00a0 <a href=\"http:\/\/www.skialpin.cz\/bezecke-trate.php\" target=\"_self\">http:\/\/www.skialpin.cz\/bezecke-trate.php <\/a><\/p>\n<p>&#8211; Velk\u00e9 Karlovice\u00a0\u00a0\u00a0 <a href=\"http:\/\/www.velkekarlovice.cz\/main.php?pg=7120\" target=\"_self\">http:\/\/www.velkekarlovice.cz\/<\/a><\/p>\n<p><b>&#8211; <\/b>B\u00edl\u00e1\u00a0 \u00a0\u00a0 <a href=\"http:\/\/www.skibila.cz\/\" target=\"_self\">http:\/\/www.skibila.cz\/<\/a><\/p>\n<p>&#8211; a dal\u0161\u00ed trasy r\u00e1di porad\u00edme<\/p>\n<div><\/div>\n<\/div>\n<p>&nbsp;<br \/>\n&nbsp;<\/p>\n<p>&nbsp;<br \/>\n&nbsp;<br \/>\n&nbsp;<br \/>\n&nbsp;<\/p>\n","protected":false},"excerpt":{"rendered":"<p>&nbsp; Ly\u017ee &nbsp; &nbsp; Ly\u017eov\u00e1n\u00ed: Skiare\u00e1l B\u00fa\u0159ov Vala\u0161sk\u00e1 Byst\u0159ice &#8211;\u00a0\u00a0\u00a0\u00a0 http:\/\/www.skiburov.cz\/ Pustevny &#8211; 30 km\u00a0\u00a0\u00a0\u00a0\u00a0\u00a0\u00a0\u00a0\u00a0\u00a0\u00a0\u00a0\u00a0\u00a0\u00a0\u00a0\u00a0\u00a0\u00a0\u00a0 \u00a0\u00a0 \u00a0\u00a0\u00a0\u00a0\u00a0\u00a0\u00a0\u00a0\u00a0\u00a0\u00a0\u00a0\u00a0\u00a0 http:\/\/www.skialpin.cz\/ B\u00edl\u00e1 &#8211; 35 km\u00a0\u00a0\u00a0\u00a0\u00a0\u00a0\u00a0\u00a0\u00a0\u00a0\u00a0\u00a0\u00a0\u00a0\u00a0\u00a0\u00a0\u00a0\u00a0\u00a0\u00a0\u00a0\u00a0\u00a0\u00a0\u00a0\u00a0\u00a0\u00a0 \u00a0 \u00a0\u00a0\u00a0\u00a0\u00a0\u00a0 \u00a0 \u00a0\u00a0 \u00a0\u00a0\u00a0\u00a0 http:\/\/www.skibila.cz\/ Sol\u00e1\u0148 &#8211; 22 km\u00a0\u00a0\u00a0\u00a0\u00a0\u00a0\u00a0\u00a0\u00a0 \u00a0 \u00a0 \u00a0 \u00a0 \u00a0 \u00a0 \u00a0 \u00a0 \u00a0 \u00a0\u00a0\u00a0\u00a0\u00a0\u00a0\u00a0\u00a0\u00a0 \u00a0\u00a0 \u00a0\u00a0 http:\/\/www.solansedlo.cz\/ Velk\u00e9 Karlovice &#8211; 30 km\u00a0\u00a0\u00a0\u00a0\u00a0\u00a0\u00a0\u00a0\u00a0\u00a0\u00a0\u00a0\u00a0\u00a0\u00a0\u00a0\u00a0\u00a0\u00a0\u00a0\u00a0\u00a0\u00a0\u00a0\u00a0<a href=\"https:\/\/www.ubytovani-beskiden.cz\/?page_id=53\" class=\"read-more\">Read the Rest&#8230;<\/a><\/p>\n","protected":false},"author":1,"featured_media":0,"parent":16,"menu_order":0,"comment_status":"open","ping_status":"open","template":"","meta":[],"_links":{"self":[{"href":"https:\/\/www.ubytovani-beskiden.cz\/index.php?rest_route=\/wp\/v2\/pages\/53"}],"collection":[{"href":"https:\/\/www.ubytovani-beskiden.cz\/index.php?rest_route=\/wp\/v2\/pages"}],"about":[{"href":"https:\/\/www.ubytovani-beskiden.cz\/index.php?rest_route=\/wp\/v2\/types\/page"}],"author":[{"embeddable":true,"href":"https:\/\/www.ubytovani-beskiden.cz\/index.php?rest_route=\/wp\/v2\/users\/1"}],"replies":[{"embeddable":true,"href":"https:\/\/www.ubytovani-beskiden.cz\/index.php?rest_route=%2Fwp%2Fv2%2Fcomments&post=53"}],"version-history":[{"count":7,"href":"https:\/\/www.ubytovani-beskiden.cz\/index.php?rest_route=\/wp\/v2\/pages\/53\/revisions"}],"predecessor-version":[{"id":134,"href":"https:\/\/www.ubytovani-beskiden.cz\/index.php?rest_route=\/wp\/v2\/pages\/53\/revisions\/134"}],"up":[{"embeddable":true,"href":"https:\/\/www.ubytovani-beskiden.cz\/index.php?rest_route=\/wp\/v2\/pages\/16"}],"wp:attachment":[{"href":"https:\/\/www.ubytovani-beskiden.cz\/index.php?rest_route=%2Fwp%2Fv2%2Fmedia&parent=53"}],"curies":[{"name":"wp","href":"https:\/\/api.w.org\/{rel}","templated":true}]}}