{"id":33,"date":"2015-02-21T20:13:42","date_gmt":"2015-02-21T20:13:42","guid":{"rendered":"http:\/\/www.ubytovanibeskiden.cz.uvirt79.active24.cz\/?page_id=33"},"modified":"2025-02-22T22:10:19","modified_gmt":"2025-02-22T22:10:19","slug":"odkazy","status":"publish","type":"page","link":"https:\/\/www.ubytovani-beskiden.cz\/?page_id=33","title":{"rendered":"Odkazy"},"content":{"rendered":"<h1><\/h1>\n<p><b>Beskydy info &#8211;<\/b> <a href=\"http:\/\/www.beskydy-info.cz\/\">http:\/\/www.beskydy-info.cz\/<\/a><\/p>\n<p><strong>Kudy z nudy Vala\u0161sko<\/strong> &#8211; <a href=\"http:\/\/www.kudyznudy.cz\/Kam-pojedete\/Severni-Morava-a-Slezsko\/Beskydy-a-Valassko.aspx\">http:\/\/www.kudyznudy.cz\/<\/a><\/p>\n<p><b>Obec Vala\u0161sk\u00e1 Byst\u0159ice<\/b>&nbsp; &#8211;&nbsp; <a href=\"http:\/\/www.valasskabystrice.cz\/\"><span style=\"text-decoration: underline;\">http:\/\/www.valasskabystrice.cz\/<\/span><\/a><\/p>\n<p><strong>Cyklostezska Be\u010dva &#8211;<\/strong>&nbsp;<a href=\"http:\/\/www.cyklostezkabecva.com\/\"> http:\/\/www.cyklostezkabecva.com\/<\/a><\/p>\n<p><b>B\u00fa\u0159ov Golf Club<\/b>&nbsp; &#8211;&nbsp; <a href=\"http:\/\/burovgolf.cz\/\" target=\"_self\" rel=\"noopener\">http:\/\/burovgolf.cz\/<\/a><\/p>\n<p><b>Ski are\u00e1l B\u00fa\u0159ov<\/b>&nbsp; &#8211;&nbsp; <a href=\"http:\/\/www.skiburov.cz\/\" target=\"_self\" rel=\"noopener\">http:\/\/www.skiburov.cz\/<\/a><\/p>\n<p><b>P\u0159edpov\u011b\u010f po\u010das\u00ed<\/b>&nbsp; &#8211;&nbsp; <a href=\"http:\/\/pocasi.centrum.cz\/pocasi-v-cr.phtml\" target=\"_self\" rel=\"noopener\">http:\/\/pocasi.centrum.cz\/pocasi-v-cr.phtml<\/a><\/p>\n<p><b>Sn\u011bhov\u00e9 podm\u00ednky<\/b>&nbsp; &#8211;&nbsp; <a href=\"http:\/\/www.infocesko.cz\/Content\/default.aspx\" target=\"_self\" rel=\"noopener\">http:\/\/www.infocesko.cz\/Content\/default.aspx<\/a><\/p>\n<p><b>J\u00edzdn\u00ed \u0159\u00e1dy<\/b>&nbsp; &#8211; &nbsp; <a href=\"http:\/\/jizdnirady.idnes.cz\/vlakyautobusy\/spojeni\/\" target=\"_self\" rel=\"noopener\">http:\/\/jizdnirady.idnes.cz\/vlakyautobusy\/spojeni\/<\/a><\/p>\n<p><b>Vala\u0161sk\u00fd sbor port\u00e1\u0161sk\u00fd<\/b>&nbsp; &#8211;&nbsp; <a href=\"http:\/\/portasi.cz\/\" target=\"_self\" rel=\"noopener\">http:\/\/portasi.cz\/<\/a><\/p>\n<p><b>Vala\u0161sk\u00e9 muzeum v p\u0159\u00edrod\u011b Ro\u017enov pod Radho\u0161t\u011bm<\/b>&nbsp; &#8211;<a href=\"http:\/\/www.vmp.cz\/\" target=\"_self\" rel=\"noopener\">&nbsp; http:\/\/www.vmp.cz\/<\/a><\/p>\n<p><b>Vala\u0161sk\u00e9 kr\u00e1lovstv\u00ed<\/b>&nbsp;&nbsp; &#8211;&nbsp;<a href=\"http:\/\/valasske-kralovstvi.cz\/\" target=\"_self\" rel=\"noopener\"> http:\/\/valasske-kralovstvi.cz\/<\/a><\/p>\n<p><b>Pustevny<\/b>&nbsp; &#8211;&nbsp; <a href=\"http:\/\/www.pustevny.cz\/\" target=\"_self\" rel=\"noopener\">http:\/\/www.pustevny.cz\/<\/a><\/p>\n<p><b>Automobilov\u00e9 muzeum Tatra Kop\u0159ivnice<\/b>&nbsp; &#8211;&nbsp; <a href=\"http:\/\/www.tatramuseum.cz\/start-page.php\" target=\"_self\" rel=\"noopener\">http:\/\/www.tatramuseum.cz\/start-page.php<\/a><\/p>\n<p><b>Kryt\u00fd baz\u00e9n Vala\u0161sk\u00e9 Mezi\u0159\u00ed\u010d\u00ed<\/b>&nbsp; &#8211;&nbsp; <a href=\"http:\/\/www.bazenvm.cz\/\" target=\"_self\" rel=\"noopener\">http:\/\/www.bazenvm.cz\/<\/a><\/p>\n<p><b>Kryt\u00fd baz\u00e9n Ro\u017enov pod Radho\u0161t\u011bm<\/b>&nbsp; &#8211;&nbsp; <a href=\"http:\/\/www.roznov.cz\/kryty-bazen\" target=\"_self\" rel=\"noopener\">http:\/\/www.roznov.cz\/kryty-bazen<\/a><\/p>\n<p><b>Ro\u017enov pod Radho\u0161t\u011bm<\/b>&nbsp; &#8211;&nbsp; <a href=\"http:\/\/www.roznov.cz\/\" target=\"_self\" rel=\"noopener\">http:\/\/www.roznov.cz\/<\/a><\/p>\n<p><b>Fren\u0161t\u00e1t pod Radho\u0161t\u011bm<\/b>&nbsp; &#8211;&nbsp; <a href=\"http:\/\/www.mufrenstat.cz\/\" target=\"_self\" rel=\"noopener\">http:\/\/www.mufrenstat.cz\/<\/a><\/p>\n<p><b>Vset\u00edn&nbsp;<\/b>&nbsp; &#8211;&nbsp; <a href=\"http:\/\/www.mestovsetin.cz\/\" target=\"_self\" rel=\"noopener\">http:\/\/www.mestovsetin.cz\/<\/a><\/p>\n<p><b>Vala\u0161sk\u00e9 Mezi\u0159\u00ed\u010d\u00ed<\/b>&nbsp;&nbsp; &#8211;&nbsp;<a href=\"http:\/\/www.valasskemezirici.cz\/\" target=\"_self\" rel=\"noopener\"> http:\/\/www.valasskemezirici.cz\/<\/a><\/p>\n<p><b>\u0160tramberk<\/b>&nbsp; &#8211;&nbsp;<a href=\"http:\/\/www.stramberk.cz\/\" target=\"_self\" rel=\"noopener\"> http:\/\/www.stramberk.cz\/<\/a><\/p>\n<div><\/div>\n\n\n<figure class=\"wp-block-image size-large\"><a href=\"http:\/\/www.ubytovani-beskiden.cz\/wp-content\/uploads\/2025\/02\/350097923_207944235414045_4703111352413862597_n.jpg\"><img decoding=\"async\" loading=\"lazy\" width=\"1024\" height=\"576\" src=\"http:\/\/www.ubytovani-beskiden.cz\/wp-content\/uploads\/2025\/02\/350097923_207944235414045_4703111352413862597_n-1024x576.jpg\" alt=\"\" class=\"wp-image-521\" srcset=\"https:\/\/www.ubytovani-beskiden.cz\/wp-content\/uploads\/2025\/02\/350097923_207944235414045_4703111352413862597_n-1024x576.jpg 1024w, https:\/\/www.ubytovani-beskiden.cz\/wp-content\/uploads\/2025\/02\/350097923_207944235414045_4703111352413862597_n-300x169.jpg 300w, https:\/\/www.ubytovani-beskiden.cz\/wp-content\/uploads\/2025\/02\/350097923_207944235414045_4703111352413862597_n-768x432.jpg 768w, https:\/\/www.ubytovani-beskiden.cz\/wp-content\/uploads\/2025\/02\/350097923_207944235414045_4703111352413862597_n-1536x864.jpg 1536w, https:\/\/www.ubytovani-beskiden.cz\/wp-content\/uploads\/2025\/02\/350097923_207944235414045_4703111352413862597_n.jpg 2048w\" sizes=\"(max-width: 1024px) 100vw, 1024px\" \/><\/a><\/figure>\n","protected":false},"excerpt":{"rendered":"<p>Beskydy info &#8211; http:\/\/www.beskydy-info.cz\/ Kudy z nudy Vala\u0161sko &#8211; http:\/\/www.kudyznudy.cz\/ Obec Vala\u0161sk\u00e1 Byst\u0159ice&nbsp; &#8211;&nbsp; http:\/\/www.valasskabystrice.cz\/ Cyklostezska Be\u010dva &#8211;&nbsp; http:\/\/www.cyklostezkabecva.com\/ B\u00fa\u0159ov Golf Club&nbsp; &#8211;&nbsp; http:\/\/burovgolf.cz\/ Ski are\u00e1l B\u00fa\u0159ov&nbsp; &#8211;&nbsp; http:\/\/www.skiburov.cz\/ P\u0159edpov\u011b\u010f po\u010das\u00ed&nbsp; &#8211;&nbsp; http:\/\/pocasi.centrum.cz\/pocasi-v-cr.phtml Sn\u011bhov\u00e9 podm\u00ednky&nbsp; &#8211;&nbsp; http:\/\/www.infocesko.cz\/Content\/default.aspx J\u00edzdn\u00ed \u0159\u00e1dy&nbsp; &#8211; &nbsp; http:\/\/jizdnirady.idnes.cz\/vlakyautobusy\/spojeni\/ Vala\u0161sk\u00fd sbor port\u00e1\u0161sk\u00fd&nbsp; &#8211;&nbsp; http:\/\/portasi.cz\/ Vala\u0161sk\u00e9 muzeum v<a href=\"https:\/\/www.ubytovani-beskiden.cz\/?page_id=33\" class=\"read-more\">Read the Rest&#8230;<\/a><\/p>\n","protected":false},"author":1,"featured_media":0,"parent":0,"menu_order":5,"comment_status":"open","ping_status":"open","template":"","meta":[],"_links":{"self":[{"href":"https:\/\/www.ubytovani-beskiden.cz\/index.php?rest_route=\/wp\/v2\/pages\/33"}],"collection":[{"href":"https:\/\/www.ubytovani-beskiden.cz\/index.php?rest_route=\/wp\/v2\/pages"}],"about":[{"href":"https:\/\/www.ubytovani-beskiden.cz\/index.php?rest_route=\/wp\/v2\/types\/page"}],"author":[{"embeddable":true,"href":"https:\/\/www.ubytovani-beskiden.cz\/index.php?rest_route=\/wp\/v2\/users\/1"}],"replies":[{"embeddable":true,"href":"https:\/\/www.ubytovani-beskiden.cz\/index.php?rest_route=%2Fwp%2Fv2%2Fcomments&post=33"}],"version-history":[{"count":7,"href":"https:\/\/www.ubytovani-beskiden.cz\/index.php?rest_route=\/wp\/v2\/pages\/33\/revisions"}],"predecessor-version":[{"id":522,"href":"https:\/\/www.ubytovani-beskiden.cz\/index.php?rest_route=\/wp\/v2\/pages\/33\/revisions\/522"}],"wp:attachment":[{"href":"https:\/\/www.ubytovani-beskiden.cz\/index.php?rest_route=%2Fwp%2Fv2%2Fmedia&parent=33"}],"curies":[{"name":"wp","href":"https:\/\/api.w.org\/{rel}","templated":true}]}}